{"id":898,"date":"2022-06-15T05:19:23","date_gmt":"2022-06-15T03:19:23","guid":{"rendered":"https:\/\/www.ecosabsrl.com\/impressum\/"},"modified":"2022-08-07T00:14:33","modified_gmt":"2022-08-06T22:14:33","slug":"impressum","status":"publish","type":"page","link":"https:\/\/www.ecosabsrl.com\/de\/impressum\/","title":{"rendered":"Impressum"},"content":{"rendered":"<p>[et_pb_section fb_built=&#8220;1&#8243; admin_label=&#8220;Header&#8220; _builder_version=&#8220;4.17.6&#8243; _module_preset=&#8220;default&#8220; background_color=&#8220;#f7f7f7&#8243; use_background_color_gradient=&#8220;on&#8220; background_color_gradient_direction=&#8220;90deg&#8220; background_color_gradient_stops=&#8220;#f7f7f7 66%|#ffffff 66%&#8220; background_color_gradient_start=&#8220;#f7f7f7&#8243; background_color_gradient_start_position=&#8220;66%&#8220; background_color_gradient_end=&#8220;#ffffff&#8220; background_color_gradient_end_position=&#8220;0%&#8220; background_image=&#8220;https:\/\/www.ecosabsrl.com\/wp-content\/uploads\/2022\/07\/green-energy-38.png&#8220; custom_margin=&#8220;|||||&#8220; custom_padding=&#8220;||0px|||&#8220; background_last_edited=&#8220;on|tablet&#8220; use_background_color_gradient_tablet=&#8220;on&#8220; background_color_gradient_stops_tablet=&#8220;#f7f7f7 100%|#ffffff 100%&#8220; background_color_gradient_start_position_tablet=&#8220;100%&#8220; locked=&#8220;off&#8220; global_colors_info=&#8220;{}&#8220;][et_pb_row column_structure=&#8220;1_2,1_2&#8243; custom_padding_last_edited=&#8220;on|phone&#8220; padding_left_right_link_1=&#8220;false&#8220; _builder_version=&#8220;4.16&#8243; _module_preset=&#8220;default&#8220; background_image=&#8220;https:\/\/www.ecosabsrl.com\/wp-content\/uploads\/2022\/06\/green-energy-20.png&#8220; background_size=&#8220;initial&#8220; background_position=&#8220;top_left&#8220; custom_margin=&#8220;||&#8220; custom_padding=&#8220;||0px|20px||&#8220; custom_padding_tablet=&#8220;&#8220; custom_padding_phone=&#8220;|||0px&#8220; global_colors_info=&#8220;{}&#8220;][et_pb_column type=&#8220;1_2&#8243; _builder_version=&#8220;4.16&#8243; _module_preset=&#8220;default&#8220; background_repeat=&#8220;repeat&#8220; custom_padding=&#8220;|||&#8220; custom_padding_phone=&#8220;|||0px&#8220; custom_padding_last_edited=&#8220;off|phone&#8220; global_colors_info=&#8220;{}&#8220; custom_padding__hover=&#8220;|||&#8220;][et_pb_text _builder_version=&#8220;4.17.6&#8243; _module_preset=&#8220;default&#8220; text_font=&#8220;||||||||&#8220; text_font_size=&#8220;20px&#8220; text_line_height=&#8220;1.8em&#8220; header_font=&#8220;Bitter||||||||&#8220; header_font_size=&#8220;60px&#8220; header_line_height=&#8220;1.3em&#8220; custom_margin=&#8220;||60px&#8220; text_font_size_tablet=&#8220;&#8220; text_font_size_phone=&#8220;14px&#8220; text_font_size_last_edited=&#8220;on|desktop&#8220; header_font_size_tablet=&#8220;50px&#8220; header_font_size_phone=&#8220;30px&#8220; header_font_size_last_edited=&#8220;on|phone&#8220; global_colors_info=&#8220;{}&#8220;]<\/p>\n<h1><span style=\"color: #056839;\">Impressum<\/span><\/h1>\n<h1>der Webseite<\/h1>\n<p>&nbsp;[\/et_pb_text][\/et_pb_column][et_pb_column type=&#8220;1_2&#8243; _builder_version=&#8220;4.16&#8243; _module_preset=&#8220;default&#8220; custom_padding=&#8220;|||&#8220; global_colors_info=&#8220;{}&#8220; custom_padding__hover=&#8220;|||&#8220;][et_pb_image src=&#8220;https:\/\/www.ecosabsrl.com\/wp-content\/uploads\/2022\/06\/green-energy-14.png&#8220; title_text=&#8220;ecosab-9&#8243; _builder_version=&#8220;4.17.6&#8243; _module_preset=&#8220;default&#8220; use_background_color_gradient=&#8220;on&#8220; background_color_gradient_stops=&#8220;rgba(16,40,65,0) 45%|#102841 100%&#8220; background_color_gradient_overlays_image=&#8220;on&#8220; background_color_gradient_start=&#8220;rgba(16,40,65,0)&#8220; background_color_gradient_start_position=&#8220;45%&#8220; background_color_gradient_end=&#8220;#102841&#8243; background_image=&#8220;https:\/\/www.ecosabsrl.com\/wp-content\/uploads\/2022\/07\/ecosab-9.jpg&#8220; custom_margin=&#8220;-100px|-12vw||&#8220; custom_margin_tablet=&#8220;0px||&#8220; custom_margin_phone=&#8220;&#8220; custom_margin_last_edited=&#8220;on|desktop&#8220; custom_padding=&#8220;||80%|||&#8220; custom_padding_tablet=&#8220;&#8220; custom_padding_phone=&#8220;||40%&#8220; custom_padding_last_edited=&#8220;on|desktop&#8220; global_colors_info=&#8220;{}&#8220;][\/et_pb_image][\/et_pb_column][\/et_pb_row][\/et_pb_section][et_pb_section fb_built=&#8220;1&#8243; admin_label=&#8220;Products&#8220; _builder_version=&#8220;4.17.6&#8243; _module_preset=&#8220;default&#8220; background_enable_image=&#8220;off&#8220; background_enable_pattern_style=&#8220;on&#8220; background_pattern_style=&#8220;diagonal-stripes-2&#8243; background_pattern_color=&#8220;rgba(110,182,65,0.19)&#8220; global_colors_info=&#8220;{}&#8220;][et_pb_row column_structure=&#8220;1_2,1_2&#8243; _builder_version=&#8220;4.16&#8243; _module_preset=&#8220;default&#8220; custom_margin=&#8220;|||&#8220; locked=&#8220;off&#8220; global_colors_info=&#8220;{}&#8220;][et_pb_column type=&#8220;1_2&#8243; _builder_version=&#8220;4.16&#8243; _module_preset=&#8220;default&#8220; custom_padding=&#8220;|||&#8220; global_colors_info=&#8220;{}&#8220; custom_padding__hover=&#8220;|||&#8220;][et_pb_toggle title=&#8220;Auftraggeber und verantwortlich f\u00fcr alle Inhalte:&#8220; open=&#8220;on&#8220; _builder_version=&#8220;4.17.6&#8243; _module_preset=&#8220;default&#8220; global_colors_info=&#8220;{}&#8220;]ecoSAB GmbH<br \/>\nRechtssitz : Via Plur, 40 \u2013 39023 Eyrs (BZ)<\/p>\n<p>Verwaltungs-\/Betriebssitz: Via Cesare Battisti n. 4 &#8211; 25017 Lonato del Garda (BS) &#8211; (1. Stock c.c. Famila)<\/p>\n<p>P.IVA.\u00a0\u00a0IT03017410212<\/p>\n<p>Cod.Fisc. 03017410212<\/p>\n<p>PEC Email: <a href=\"mailto:ecosabsrl@legalmail.it\">ecosabsrl@legalmail.it <\/a><br \/>\nEmail: <a href=\"mailto:info@ecosabsrl.com\">info@ecosabsrl.com<\/a><br \/>\nWebseite: <a href=\"http:\/\/www.ecosabsrl.com\">www.ecosabsrl.com<\/a><\/p>\n<p>Tel.: +39 <a href=\"tel:390305241440\">030 5241440<\/a><\/p>\n<p>Fax: +39 <a href=\"tel:390305280810\">030 5280810<\/a><\/p>\n<p>Empf\u00e4nger Kodex: M5UXCR1<\/p>\n<p>Handelskammer Bozen REA-Nummer BZ-224828<\/p>\n<p>Gesellschaftskapital: \u20ac 30.000.00 voll eingezahlt[\/et_pb_toggle][\/et_pb_column][et_pb_column type=&#8220;1_2&#8243; _builder_version=&#8220;4.17.5&#8243; _module_preset=&#8220;default&#8220; global_colors_info=&#8220;{}&#8220;][et_pb_toggle title=&#8220;Konzept, Webdesign und Programmierung:&#8220; open=&#8220;on&#8220; _builder_version=&#8220;4.17.6&#8243; _module_preset=&#8220;default&#8220; global_colors_info=&#8220;{}&#8220;]kurisMEDiA des Raffeiner Kurt<\/p>\n<p><img loading=\"lazy\" decoding=\"async\" class=\"wp-image-369 alignnone size-thumbnail\" src=\"https:\/\/www.ecosabsrl.com\/wp-content\/uploads\/2022\/07\/kurismedia_icon-150x150.png\" alt=\"\" width=\"150\" height=\"150\" \/><\/p>\n<p><a href=\"mailto:info@kurismedia.com\">info@kurismedia.com<\/a><\/p>\n<p><a href=\"https:\/\/www.kurismedia.com\/\">www.kurismedia.com<\/a>[\/et_pb_toggle][\/et_pb_column][\/et_pb_row][et_pb_row _builder_version=&#8220;4.16&#8243; _module_preset=&#8220;default&#8220; custom_margin=&#8220;|||&#8220; locked=&#8220;off&#8220; global_colors_info=&#8220;{}&#8220;][et_pb_column type=&#8220;4_4&#8243; _builder_version=&#8220;4.16&#8243; _module_preset=&#8220;default&#8220; custom_padding=&#8220;|||&#8220; global_colors_info=&#8220;{}&#8220; custom_padding__hover=&#8220;|||&#8220;][et_pb_toggle title=&#8220;1. Inhalt&#8220; _builder_version=&#8220;4.17.6&#8243; _module_preset=&#8220;default&#8220; global_colors_info=&#8220;{}&#8220;]Trotz sorgf\u00e4ltiger \u00dcberpr\u00fcfung auf Richtigkeit und Vollst\u00e4ndigkeit der Inhalte und Informationen auf dieser Website \u00fcbernehmen wir keine Haftung oder Garantie derselben. Wir behalten uns das Recht vor, ohne vorherige Ank\u00fcndigung Aktualisierungen, \u00c4nderungen oder Erg\u00e4nzungen der bereitgestellten Informationen vorzunehmen.[\/et_pb_toggle][et_pb_toggle title=&#8220;2. Verweise und Links&#8220; _builder_version=&#8220;4.17.6&#8243; _module_preset=&#8220;default&#8220; global_colors_info=&#8220;{}&#8220;]Wir \u00fcbernehmen keine Haftung f\u00fcr die Inhalte externer Links. F\u00fcr den Inhalt der verlinkten Seiten sind ausschlie\u00dflich deren Betreiber verantwortlich.[\/et_pb_toggle][et_pb_toggle title=&#8220;Copyright (Urheber- und Kennzeichenrecht)&#8220; _builder_version=&#8220;4.17.6&#8243; _module_preset=&#8220;default&#8220; global_colors_info=&#8220;{}&#8220;]Der Inhalt dieser Website ist durch Copyright gesch\u00fctzt. Eine Vervielf\u00e4ltigung oder Verwendung in anderen elektronischen oder gedruckten Publikationen ist ohne unsere ausdr\u00fcckliche Zustimmung nicht gestattet.[\/et_pb_toggle][et_pb_toggle title=&#8220;4. SSL-Verschl\u00fcsselung&#8220; _builder_version=&#8220;4.17.6&#8243; _module_preset=&#8220;default&#8220; global_colors_info=&#8220;{}&#8220;]Diese Seite nutzt aus Gr\u00fcnden der Sicherheit und zum Schutz der \u00dcbertragung vertraulicher Inhalte, wie zum Beispiel der Anfragen, die Sie an uns als Seitenbetreiber senden, eine SSL-Verschl\u00fcsselung. Eine verschl\u00fcsselte Verbindung erkennen Sie daran, dass die Adresszeile des Browsers von \u201ehttp:\/\/\u201c auf \u201ehttps:\/\/\u201c wechselt und an dem Schloss-Symbol in Ihrer Browserzeile. Wenn die SSL Verschl\u00fcsselung aktiviert ist, k\u00f6nnen die Daten, die Sie an uns \u00fcbermitteln, nicht von Dritten mitgelesen werden.[\/et_pb_toggle][et_pb_toggle title=&#8220;5. Rechtswirksamkeit&#8220; _builder_version=&#8220;4.17.6&#8243; _module_preset=&#8220;default&#8220; global_colors_info=&#8220;{}&#8220;]Sofern Teile oder einzelne Formulierungen dieses Textes der geltenden Rechtslage nicht, nicht mehr oder nicht vollst\u00e4ndig entsprechen sollten, bleiben die \u00fcbrigen Teile des Dokumentes in ihrem Inhalt und ihrer G\u00fcltigkeit davon unber\u00fchrt. Durch die Nutzung der Website entsteht kein Vertrag oder Rechte. Rechtsstreitigkeiten werden am f\u00fcr uns zust\u00e4ndigen Gerichtshof ausgetragen.[\/et_pb_toggle][et_pb_toggle title=&#8220;6. Google Maps&#8220; _builder_version=&#8220;4.17.6&#8243; _module_preset=&#8220;default&#8220; global_colors_info=&#8220;{}&#8220;]Wir binden die Landkarten des Dienstes \u201cGoogle Maps\u201d des Anbieters Google LLC, 1600 Amphitheatre Parkway, Mountain View, CA 94043, USA, ein. Zu den verarbeiteten Daten k\u00f6nnen insbesondere IP-Adressen und Standortdaten der Nutzer geh\u00f6ren, die jedoch nicht ohne deren Einwilligung (im Regelfall im Rahmen der Einstellungen ihrer Mobilger\u00e4te vollzogen), erhoben werden. Die Daten k\u00f6nnen in den USA verarbeitet werden. Datenschutzerkl\u00e4rung:\u00a0<a href=\"https:\/\/www.google.com\/policies\/privacy\/\">https:\/\/www.google.com\/policies\/privacy\/<\/a>, Opt-Out:\u00a0<a href=\"https:\/\/adssettings.google.com\/authenticated\">https:\/\/adssettings.google.com\/authenticated<\/a>[\/et_pb_toggle][et_pb_toggle title=&#8220;7. Google Fonts&#8220; _builder_version=&#8220;4.17.6&#8243; _module_preset=&#8220;default&#8220; global_colors_info=&#8220;{}&#8220;]Wir binden die Schriftarten (\u201eGoogle Fonts\u201c) des Anbieters Google LLC, 1600 Amphitheatre Parkway, Mountain View, CA 94043, USA, ein.<\/p>\n<p>Datenschutzerkl\u00e4rung:\u00a0<a href=\"https:\/\/www.google.com\/policies\/privacy\/\">https:\/\/www.google.com\/policies\/privacy\/<\/a>, Opt-Out:\u00a0<a href=\"https:\/\/adssettings.google.com\/authenticated\">https:\/\/adssettings.google.com\/authenticated<\/a>[\/et_pb_toggle][et_pb_toggle title=&#8220;8. tawk.to Live Chat&#8220; _builder_version=&#8220;4.17.6&#8243; _module_preset=&#8220;default&#8220; global_colors_info=&#8220;{}&#8220;]Bitte beachten Sie, dass diese Seite tawk.to chat nutzt, einen Kommunikationsdienst von tawk.to Inc.[\/et_pb_toggle][et_pb_toggle title=&#8220;9. Video, Musik und Bildquellen&#8220; _builder_version=&#8220;4.17.6&#8243; _module_preset=&#8220;default&#8220; global_colors_info=&#8220;{}&#8220;]Copyright ecoSAB GmbH, kurisMEDiA, Pixabay[\/et_pb_toggle][et_pb_toggle title=&#8220;10. Online-Streitbeilegung (ODR)&#8220; _builder_version=&#8220;4.17.6&#8243; _module_preset=&#8220;default&#8220; global_colors_info=&#8220;{}&#8220;]Plattform der EU-Kommission zur Online-Streitbeilegung:\u00a0<a href=\"https:\/\/www.ec.europa.eu\/consumers\/odr\">https:\/\/www.ec.europa.eu\/consumers\/odr<\/a>[\/et_pb_toggle][\/et_pb_column][\/et_pb_row][\/et_pb_section]<\/p>\n","protected":false},"excerpt":{"rendered":"<p>Impressum der Webseite &nbsp;ecoSAB GmbH Rechtssitz : Via Plur, 40 \u2013 39023 Eyrs (BZ) Verwaltungs-\/Betriebssitz: Via Cesare Battisti n. 4 &#8211; 25017 Lonato del Garda (BS) &#8211; (1. Stock c.c. Famila) P.IVA.\u00a0\u00a0IT03017410212 Cod.Fisc. 03017410212 PEC Email: ecosabsrl@legalmail.it Email: info@ecosabsrl.com Webseite: www.ecosabsrl.com Tel.: +39 030 5241440 Fax: +39 030 5280810 Empf\u00e4nger Kodex: M5UXCR1 Handelskammer Bozen REA-Nummer [&hellip;]<\/p>\n","protected":false},"author":1,"featured_media":0,"parent":0,"menu_order":0,"comment_status":"closed","ping_status":"open","template":"","meta":{"_et_pb_use_builder":"on","_et_pb_old_content":"","_et_gb_content_width":"","footnotes":""},"difl_page_category":[],"class_list":["post-898","page","type-page","status-publish","hentry"],"_links":{"self":[{"href":"https:\/\/www.ecosabsrl.com\/de\/wp-json\/wp\/v2\/pages\/898","targetHints":{"allow":["GET"]}}],"collection":[{"href":"https:\/\/www.ecosabsrl.com\/de\/wp-json\/wp\/v2\/pages"}],"about":[{"href":"https:\/\/www.ecosabsrl.com\/de\/wp-json\/wp\/v2\/types\/page"}],"author":[{"embeddable":true,"href":"https:\/\/www.ecosabsrl.com\/de\/wp-json\/wp\/v2\/users\/1"}],"replies":[{"embeddable":true,"href":"https:\/\/www.ecosabsrl.com\/de\/wp-json\/wp\/v2\/comments?post=898"}],"version-history":[{"count":0,"href":"https:\/\/www.ecosabsrl.com\/de\/wp-json\/wp\/v2\/pages\/898\/revisions"}],"wp:attachment":[{"href":"https:\/\/www.ecosabsrl.com\/de\/wp-json\/wp\/v2\/media?parent=898"}],"wp:term":[{"taxonomy":"difl_page_category","embeddable":true,"href":"https:\/\/www.ecosabsrl.com\/de\/wp-json\/wp\/v2\/difl_page_category?post=898"}],"curies":[{"name":"wp","href":"https:\/\/api.w.org\/{rel}","templated":true}]}}