{"id":925,"date":"2022-06-15T18:57:23","date_gmt":"2022-06-15T16:57:23","guid":{"rendered":"https:\/\/www.ecosabsrl.com\/cookie-policy\/"},"modified":"2022-08-08T23:18:25","modified_gmt":"2022-08-08T21:18:25","slug":"cookie-policy","status":"publish","type":"page","link":"https:\/\/www.ecosabsrl.com\/de\/cookie-policy\/","title":{"rendered":"Cookie Policy"},"content":{"rendered":"<p>[et_pb_section fb_built=&#8220;1&#8243; admin_label=&#8220;Header&#8220; _builder_version=&#8220;4.17.6&#8243; _module_preset=&#8220;default&#8220; background_color=&#8220;#f7f7f7&#8243; use_background_color_gradient=&#8220;on&#8220; background_color_gradient_direction=&#8220;90deg&#8220; background_color_gradient_stops=&#8220;#f7f7f7 66%|#ffffff 66%&#8220; background_color_gradient_start=&#8220;#f7f7f7&#8243; background_color_gradient_start_position=&#8220;66%&#8220; background_color_gradient_end=&#8220;#ffffff&#8220; background_color_gradient_end_position=&#8220;0%&#8220; background_image=&#8220;https:\/\/www.ecosabsrl.com\/wp-content\/uploads\/2022\/07\/green-energy-38.png&#8220; custom_margin=&#8220;|||||&#8220; custom_padding=&#8220;||0px|||&#8220; background_last_edited=&#8220;on|tablet&#8220; use_background_color_gradient_tablet=&#8220;on&#8220; background_color_gradient_stops_tablet=&#8220;#f7f7f7 100%|#ffffff 100%&#8220; background_color_gradient_start_position_tablet=&#8220;100%&#8220; locked=&#8220;off&#8220; global_colors_info=&#8220;{}&#8220;][et_pb_row column_structure=&#8220;1_2,1_2&#8243; custom_padding_last_edited=&#8220;on|phone&#8220; padding_left_right_link_1=&#8220;false&#8220; _builder_version=&#8220;4.16&#8243; _module_preset=&#8220;default&#8220; background_image=&#8220;https:\/\/www.ecosabsrl.com\/wp-content\/uploads\/2022\/06\/green-energy-20.png&#8220; background_size=&#8220;initial&#8220; background_position=&#8220;top_left&#8220; custom_margin=&#8220;||&#8220; custom_padding=&#8220;||0px|20px||&#8220; custom_padding_tablet=&#8220;&#8220; custom_padding_phone=&#8220;|||0px&#8220; global_colors_info=&#8220;{}&#8220;][et_pb_column type=&#8220;1_2&#8243; _builder_version=&#8220;4.16&#8243; _module_preset=&#8220;default&#8220; background_repeat=&#8220;repeat&#8220; custom_padding=&#8220;|||&#8220; custom_padding_phone=&#8220;|||0px&#8220; custom_padding_last_edited=&#8220;off|phone&#8220; global_colors_info=&#8220;{}&#8220; custom_padding__hover=&#8220;|||&#8220;][et_pb_text _builder_version=&#8220;4.17.6&#8243; _module_preset=&#8220;default&#8220; text_font=&#8220;||||||||&#8220; text_font_size=&#8220;20px&#8220; text_line_height=&#8220;1.8em&#8220; header_font=&#8220;Bitter||||||||&#8220; header_font_size=&#8220;60px&#8220; header_line_height=&#8220;1.3em&#8220; custom_margin=&#8220;||60px&#8220; text_font_size_tablet=&#8220;&#8220; text_font_size_phone=&#8220;14px&#8220; text_font_size_last_edited=&#8220;on|desktop&#8220; header_font_size_tablet=&#8220;50px&#8220; header_font_size_phone=&#8220;30px&#8220; header_font_size_last_edited=&#8220;on|phone&#8220; global_colors_info=&#8220;{}&#8220;]<\/p>\n<h1><span style=\"color: #056839;\">Cookie<\/span><\/h1>\n<h1>Policy<\/h1>\n<p>&nbsp;<\/p>\n<p>[\/et_pb_text][\/et_pb_column][et_pb_column type=&#8220;1_2&#8243; _builder_version=&#8220;4.16&#8243; _module_preset=&#8220;default&#8220; custom_padding=&#8220;|||&#8220; global_colors_info=&#8220;{}&#8220; custom_padding__hover=&#8220;|||&#8220;][et_pb_image src=&#8220;https:\/\/www.ecosabsrl.com\/wp-content\/uploads\/2022\/06\/green-energy-14.png&#8220; title_text=&#8220;ecosab-8&#8243; _builder_version=&#8220;4.17.6&#8243; _module_preset=&#8220;default&#8220; use_background_color_gradient=&#8220;on&#8220; background_color_gradient_stops=&#8220;rgba(16,40,65,0) 45%|#102841 100%&#8220; background_color_gradient_overlays_image=&#8220;on&#8220; background_color_gradient_start=&#8220;rgba(16,40,65,0)&#8220; background_color_gradient_start_position=&#8220;45%&#8220; background_color_gradient_end=&#8220;#102841&#8243; background_image=&#8220;https:\/\/www.ecosabsrl.com\/wp-content\/uploads\/2022\/07\/ecosab-8.jpg&#8220; custom_margin=&#8220;-100px|-12vw||&#8220; custom_margin_tablet=&#8220;0px||&#8220; custom_margin_phone=&#8220;&#8220; custom_margin_last_edited=&#8220;on|desktop&#8220; custom_padding=&#8220;||80%|||&#8220; custom_padding_tablet=&#8220;&#8220; custom_padding_phone=&#8220;||40%&#8220; custom_padding_last_edited=&#8220;on|desktop&#8220; global_colors_info=&#8220;{}&#8220;][\/et_pb_image][\/et_pb_column][\/et_pb_row][\/et_pb_section][et_pb_section fb_built=&#8220;1&#8243; admin_label=&#8220;Products&#8220; _builder_version=&#8220;4.17.6&#8243; _module_preset=&#8220;default&#8220; background_enable_image=&#8220;off&#8220; background_enable_pattern_style=&#8220;on&#8220; background_pattern_style=&#8220;diagonal-stripes-2&#8243; background_pattern_color=&#8220;rgba(110,182,65,0.19)&#8220; global_colors_info=&#8220;{}&#8220;][et_pb_row _builder_version=&#8220;4.16&#8243; _module_preset=&#8220;default&#8220; custom_margin=&#8220;|||&#8220; locked=&#8220;off&#8220; global_colors_info=&#8220;{}&#8220;][et_pb_column type=&#8220;4_4&#8243; _builder_version=&#8220;4.16&#8243; _module_preset=&#8220;default&#8220; custom_padding=&#8220;|||&#8220; global_colors_info=&#8220;{}&#8220; custom_padding__hover=&#8220;|||&#8220;][et_pb_toggle title=&#8220;Was sind Cookies?&#8220; open=&#8220;on&#8220; _builder_version=&#8220;4.17.6&#8243; _module_preset=&#8220;default&#8220; global_colors_info=&#8220;{}&#8220;]Cookies sind kleine Textdateien, die auf Ihrem Computer gespeichert werden, wenn Sie bestimmte Websites besuchen.<\/p>\n<p>Wir verwenden auf der ecoSAB GmbH-Website und ihren Unterdom\u00e4nen Cookies, die Ihrer Zustimmung bed\u00fcrfen, sofern dies gesetzlich oder durch geltende Vorschriften vorgeschrieben ist, um die Navigation zu erleichtern und Informationen f\u00fcr Sie zu personalisieren. Wir verwenden auch \u00e4hnliche Systeme, um Informationen \u00fcber die Benutzer zu sammeln, wie z. B. die IP-Adresse, die Art des verwendeten Browsers und Betriebssystems und\/oder die von einem Benutzer besuchten Webseiten, zu statistischen oder Sicherheitszwecken.<br \/>\nBitte beachten Sie, dass, wenn Sie sich entscheiden, Cookies zu deaktivieren oder abzulehnen, einige Teile von www.ecosabsrl.com &#8211; und deren Subdomains &#8211; m\u00f6glicherweise nicht zug\u00e4nglich sind oder nicht richtig funktionieren.<br \/>\nF\u00fcr eine reibungslose und vollst\u00e4ndige Nutzung dieser Website ist es daher ratsam, dass Sie Ihren Browser so konfigurieren, dass er den Empfang solcher Cookies akzeptiert.<br \/>\nCookies sind nicht sch\u00e4dlich f\u00fcr Ihren Computer, Ihr Tablet oder Ihr Smartphone. In den von www.ecosabsrl.com erzeugten Cookies werden keine pers\u00f6nlich identifizierbaren Informationen gespeichert, sondern nur verschl\u00fcsselte Informationen.<\/p>\n<p>Arten von Cookies<br \/>\nDie Website www.ecosabsrl.com und ihre Subdomains verwenden die folgenden Cookies:<\/p>\n<p>Technische Cookies<br \/>\nDiese Cookies sind unerl\u00e4sslich, damit Sie auf der Website surfen und ihre Funktionen nutzen k\u00f6nnen. Ohne Cookies k\u00f6nnen einige Funktionen nicht zug\u00e4nglich sein oder nicht richtig funktionieren.<br \/>\nStreng notwendige Cookies werden verwendet, um eine Kennung zu speichern, mit der Sie eindeutig von anderen Nutzern unterschieden werden k\u00f6nnen, um Ihnen einen konsistenten und genauen Service zu bieten.<\/p>\n<p>Funktionale Cookies<br \/>\nCookies sind in der Regel die Folge einer Benutzeraktion, k\u00f6nnen aber auch bei der Bereitstellung eines Dienstes eingesetzt werden, der nicht ausdr\u00fccklich angefordert, sondern dem Benutzer angeboten wird. Sie k\u00f6nnen auch verwendet werden, um zu vermeiden, dass einem bestimmten Nutzer ein bereits angebotener Dienst erneut angeboten wird. Dar\u00fcber hinaus erm\u00f6glichen diese Cookies der Website, die Entscheidungen der Nutzer zu verfolgen. Die von diesen Cookies gesammelten Informationen sind anonym und k\u00f6nnen nicht zum Nutzerverhalten auf anderen Websites zur\u00fcckverfolgt werden.<\/p>\n<p>Leistungs-Cookies<br \/>\nDiese Cookies k\u00f6nnen von uns oder von unseren Partnern stammen und k\u00f6nnen sitzungsbezogen oder dauerhaft sein. Ihre Verwendung ist auf die Leistung und Verbesserung der Website beschr\u00e4nkt. Diese Cookies sammeln keine Informationen, die Sie identifizieren k\u00f6nnen. Alle von diesen Cookies gesammelten Informationen werden in anonymer Form zusammengefasst und nur zur Verbesserung der Funktionalit\u00e4t der Website verwendet.<\/p>\n<p>Marketing-Cookies von Dritten<br \/>\nDiese Cookies werden von Partnern von www.ecosabsrl.com verwendet, um Ihnen Werbung zu zeigen, wenn Sie andere Websites besuchen, zum Beispiel die neuesten Produkte, die Sie auf der Website angesehen haben. Diese Cookies k\u00f6nnen auch verwendet werden, um Produkte anzuzeigen, die f\u00fcr Sie von Interesse sein k\u00f6nnten oder die denen \u00e4hnlich sind, die Sie zuvor angesehen haben. Die Verwendung dieser Cookies impliziert keine Verarbeitung personenbezogener Daten, kann aber eine Verbindung zu dem auf Ihrem Computer oder einem anderen Ger\u00e4t installierten Browser erm\u00f6glichen, der beim Surfen verwendet wird.<\/p>\n<p>Liste der Cookies<br \/>\nListe aller auf der Website verwendeten Cookies<\/p>\n<p>PHPSESSID , technischer Cookie zur Verwaltung der Speicherung von Informationen beim Navigieren zwischen Seiten<br \/>\nwp-settings-1*, WordPress<br \/>\nwp-einstellungszeit-1*, WordPress<br \/>\n_icl_current_language , WPML.org<br \/>\n_icl_visitor_lang_js, WPML.org<br \/>\n_wpml_browser_redirect_test, WPML.org<\/p>\n<p>So deaktivieren Sie Cookies<br \/>\nDie Datenschutzbestimmungen sehen vor, dass der Nutzer bereits gesetzte Cookies deaktivieren kann (&#8222;Opt-out&#8220;). Das Opt-out ist f\u00fcr so genannte &#8222;technische Cookies&#8220; (Art. 122 des Datenschutzgesetzes) sowie f\u00fcr Cookies vorgesehen, die nicht zu den &#8222;technischen Cookies&#8220; geh\u00f6ren, die der Nutzer zuvor akzeptiert hat (&#8222;Opt-in&#8220;).<\/p>\n<p>So deaktivieren Sie Cookies in den verschiedenen Browsern<\/p>\n<p>Internet Explorer<\/p>\n<p>Um den Internet Explorer zu \u00f6ffnen, klicken Sie auf die Schaltfl\u00e4che Start. Geben Sie in das Suchfeld den Begriff Internet Explorer ein und klicken Sie dann in der Ergebnisliste auf Internet Explorer.<br \/>\nKlicken Sie auf die Schaltfl\u00e4che Extras und dann auf Internetoptionen.<br \/>\nKlicken Sie auf die Registerkarte Datenschutz und verschieben Sie unter Einstellungen den Schieberegler nach oben, um alle Cookies zu blockieren, oder nach unten, um alle Cookies zuzulassen, und klicken Sie dann auf OK.<br \/>\nDie Blockierung von Cookies kann dazu f\u00fchren, dass einige Webseiten nicht mehr korrekt angezeigt werden.<br \/>\nFirefox<br \/>\nSie k\u00f6nnen Firefox so einstellen, dass Cookies von allen Websites blockiert werden:<\/p>\n<p>Klicken Sie auf die Men\u00fctaste und w\u00e4hlen Sie Optionen.<br \/>\nW\u00e4hlen Sie das Feld Datenschutz.<br \/>\nW\u00e4hlen Sie unter Verlaufseinstellungen die Option Benutzerdefinierte Einstellungen verwenden.<br \/>\nEntfernen Sie das H\u00e4kchen bei Cookies von Websites akzeptieren.<br \/>\nKlicken Sie auf OK, um das Optionsfenster zu schlie\u00dfen.<br \/>\nGoogle Chrome<\/p>\n<p>W\u00e4hlen Sie das Chrome-Men\u00fc-Symbol.<br \/>\nW\u00e4hlen Sie Einstellungen.<br \/>\nW\u00e4hlen Sie unten auf der Seite die Option Erweiterte Einstellungen anzeigen.<br \/>\nW\u00e4hlen Sie im Abschnitt Datenschutz die Option Inhaltseinstellungen.<br \/>\nAktivieren Sie die Option Verhindern, dass Standorte Daten einstellen.<br \/>\nW\u00e4hlen Sie Ende.<br \/>\nAufgrund dieser Unterscheidung k\u00f6nnen Sie Cookies \u00fcber die Einstellungen Ihres Browsers deaktivieren und\/oder l\u00f6schen (&#8222;Opt-out&#8220;) und einzelne nicht-&#8222;technische&#8220; Cookies, die von Dritten verwaltet werden, deaktivieren und\/oder l\u00f6schen, indem Sie die von der European Interactive Digital Advertising Alliance (EDAA) betriebene Website unter www.youronlinechoices.eu aufrufen.[\/et_pb_toggle][\/et_pb_column][\/et_pb_row][\/et_pb_section]<\/p>\n","protected":false},"excerpt":{"rendered":"<p>Cookie Policy &nbsp;Cookies sind kleine Textdateien, die auf Ihrem Computer gespeichert werden, wenn Sie bestimmte Websites besuchen. Wir verwenden auf der ecoSAB GmbH-Website und ihren Unterdom\u00e4nen Cookies, die Ihrer Zustimmung bed\u00fcrfen, sofern dies gesetzlich oder durch geltende Vorschriften vorgeschrieben ist, um die Navigation zu erleichtern und Informationen f\u00fcr Sie zu personalisieren. Wir verwenden auch \u00e4hnliche [&hellip;]<\/p>\n","protected":false},"author":1,"featured_media":0,"parent":0,"menu_order":0,"comment_status":"closed","ping_status":"closed","template":"","meta":{"_et_pb_use_builder":"on","_et_pb_old_content":"","_et_gb_content_width":"","footnotes":""},"difl_page_category":[],"class_list":["post-925","page","type-page","status-publish","hentry"],"_links":{"self":[{"href":"https:\/\/www.ecosabsrl.com\/de\/wp-json\/wp\/v2\/pages\/925","targetHints":{"allow":["GET"]}}],"collection":[{"href":"https:\/\/www.ecosabsrl.com\/de\/wp-json\/wp\/v2\/pages"}],"about":[{"href":"https:\/\/www.ecosabsrl.com\/de\/wp-json\/wp\/v2\/types\/page"}],"author":[{"embeddable":true,"href":"https:\/\/www.ecosabsrl.com\/de\/wp-json\/wp\/v2\/users\/1"}],"replies":[{"embeddable":true,"href":"https:\/\/www.ecosabsrl.com\/de\/wp-json\/wp\/v2\/comments?post=925"}],"version-history":[{"count":0,"href":"https:\/\/www.ecosabsrl.com\/de\/wp-json\/wp\/v2\/pages\/925\/revisions"}],"wp:attachment":[{"href":"https:\/\/www.ecosabsrl.com\/de\/wp-json\/wp\/v2\/media?parent=925"}],"wp:term":[{"taxonomy":"difl_page_category","embeddable":true,"href":"https:\/\/www.ecosabsrl.com\/de\/wp-json\/wp\/v2\/difl_page_category?post=925"}],"curies":[{"name":"wp","href":"https:\/\/api.w.org\/{rel}","templated":true}]}}